{"id":3,"date":"2020-12-18T13:09:32","date_gmt":"2020-12-18T13:09:32","guid":{"rendered":"https:\/\/blg1.j2sec.com\/?page_id=3"},"modified":"2023-04-27T08:04:44","modified_gmt":"2023-04-27T08:04:44","slug":"privacy-policy","status":"publish","type":"page","link":"https:\/\/blg1.j2sec.com\/index.php\/privacy-policy\/","title":{"rendered":"Equipo"},"content":{"rendered":"\n<p>Nuestro equipo de expertos en seguridad inform\u00e1tica trabaja de manera estrecha con nuestros clientes, para entender sus necesidades y desarrollar soluciones personalizadas que resuelvan sus problemas de seguridad. Ofrecemos una amplia gama de servicios de seguridad, que incluyen pruebas de penetraci\u00f3n, an\u00e1lisis de vulnerabilidades, gesti\u00f3n de riesgos, seguridad en aplicaciones m\u00f3viles y mucho m\u00e1s.<\/p>\n\n\n\n<p>Adem\u00e1s, en J2sec nos esforzamos por estar siempre al d\u00eda con las \u00faltimas tendencias en seguridad y tecnolog\u00eda, para asegurarnos de que nuestros clientes tengan acceso a las soluciones m\u00e1s avanzadas y efectivas. Nos enorgullece ofrecer servicios de alta calidad y trabajar con nuestros clientes para establecer relaciones de confianza a largo plazo.<\/p>\n\n\n\n<p>En definitiva, en J2sec estamos comprometidos a ayudar a nuestros clientes a mantenerse seguros en un mundo cada vez m\u00e1s conectado y digitalizado. Si est\u00e1s buscando una empresa en la que puedas confiar tus necesidades de seguridad, cont\u00e1ctanos hoy mismo. Estamos aqu\u00ed para ayudarte.<\/p>\n\n\n\n<figure class=\"wp-block-image size-full is-resized\"><img loading=\"lazy\" decoding=\"async\" src=\"https:\/\/blg1.j2sec.com\/wp-content\/uploads\/2023\/04\/0072da0c889be29709bb4538294a5640_380x150.jpg\" alt=\"\" class=\"wp-image-167\" width=\"571\" height=\"279\" srcset=\"https:\/\/blg1.j2sec.com\/wp-content\/uploads\/2023\/04\/0072da0c889be29709bb4538294a5640_380x150.jpg 307w, https:\/\/blg1.j2sec.com\/wp-content\/uploads\/2023\/04\/0072da0c889be29709bb4538294a5640_380x150-300x147.jpg 300w\" sizes=\"auto, (max-width: 571px) 100vw, 571px\" \/><\/figure>\n","protected":false},"excerpt":{"rendered":"<p>Nuestro equipo de expertos en seguridad inform\u00e1tica trabaja de manera estrecha con nuestros clientes, para entender sus necesidades y desarrollar soluciones personalizadas que resuelvan sus problemas de seguridad. Ofrecemos una amplia gama de servicios de seguridad, que incluyen pruebas de &hellip; <a href=\"https:\/\/blg1.j2sec.com\/index.php\/privacy-policy\/\">Sigue leyendo <span class=\"meta-nav\">&rarr;<\/span><\/a><\/p>\n","protected":false},"author":1,"featured_media":0,"parent":0,"menu_order":0,"comment_status":"closed","ping_status":"closed","template":"","meta":{"footnotes":""},"class_list":["post-3","page","type-page","status-publish","hentry"],"jetpack_sharing_enabled":true,"_links":{"self":[{"href":"https:\/\/blg1.j2sec.com\/index.php\/wp-json\/wp\/v2\/pages\/3","targetHints":{"allow":["GET"]}}],"collection":[{"href":"https:\/\/blg1.j2sec.com\/index.php\/wp-json\/wp\/v2\/pages"}],"about":[{"href":"https:\/\/blg1.j2sec.com\/index.php\/wp-json\/wp\/v2\/types\/page"}],"author":[{"embeddable":true,"href":"https:\/\/blg1.j2sec.com\/index.php\/wp-json\/wp\/v2\/users\/1"}],"replies":[{"embeddable":true,"href":"https:\/\/blg1.j2sec.com\/index.php\/wp-json\/wp\/v2\/comments?post=3"}],"version-history":[{"count":5,"href":"https:\/\/blg1.j2sec.com\/index.php\/wp-json\/wp\/v2\/pages\/3\/revisions"}],"predecessor-version":[{"id":168,"href":"https:\/\/blg1.j2sec.com\/index.php\/wp-json\/wp\/v2\/pages\/3\/revisions\/168"}],"wp:attachment":[{"href":"https:\/\/blg1.j2sec.com\/index.php\/wp-json\/wp\/v2\/media?parent=3"}],"curies":[{"name":"wp","href":"https:\/\/api.w.org\/{rel}","templated":true}]}}