{"id":2,"date":"2020-12-18T13:09:32","date_gmt":"2020-12-18T13:09:32","guid":{"rendered":"https:\/\/blg1.j2sec.com\/?page_id=2"},"modified":"2023-04-27T07:49:29","modified_gmt":"2023-04-27T07:49:29","slug":"sample-page","status":"publish","type":"page","link":"https:\/\/blg1.j2sec.com\/index.php\/sample-page\/","title":{"rendered":"Estrategias"},"content":{"rendered":"\n<p>Nuestro enfoque se centra en la identificaci\u00f3n de riesgos y la implementaci\u00f3n de soluciones preventivas y correctivas personalizadas para cada cliente, con el objetivo de proteger sus activos y garantizar el correcto funcionamiento de sus infraestructuras cr\u00edticas.<\/p>\n\n\n\n<p>Para lograr este objetivo, contamos con un equipo de profesionales altamente calificados en el \u00e1rea de la seguridad inform\u00e1tica, que trabaja utilizando los est\u00e1ndares y buenas pr\u00e1cticas m\u00e1s avanzadas del mercado, para garantizar la mejor calidad en nuestros servicios.<\/p>\n\n\n\n<p>Adem\u00e1s, en J2sec nos mantenemos actualizados constantemente en cuanto a las \u00faltimas tendencias y novedades en materia de seguridad tecnol\u00f3gica, para ofrecer a nuestros clientes soluciones innovadoras y efectivas que les permitan estar protegidos ante los posibles riesgos a los que se enfrentan en su d\u00eda a d\u00eda.<\/p>\n\n\n\n<p>En resumen, en J2sec estamos comprometidos con la seguridad de nuestros clientes y con el desarrollo de soluciones tecnol\u00f3gicas que les permitan alcanzar sus objetivos con \u00e9xito y confianza en un entorno cada vez m\u00e1s complejo y cambiante.<\/p>\n\n\n\n<figure class=\"wp-block-image size-full is-resized\"><img loading=\"lazy\" decoding=\"async\" src=\"https:\/\/blg1.j2sec.com\/wp-content\/uploads\/2023\/04\/3c494e637bec23b415bf0fde9e4dbdb0_370x150-1.jpg\" alt=\"\" class=\"wp-image-155\" width=\"610\" height=\"298\" srcset=\"https:\/\/blg1.j2sec.com\/wp-content\/uploads\/2023\/04\/3c494e637bec23b415bf0fde9e4dbdb0_370x150-1.jpg 307w, https:\/\/blg1.j2sec.com\/wp-content\/uploads\/2023\/04\/3c494e637bec23b415bf0fde9e4dbdb0_370x150-1-300x147.jpg 300w\" sizes=\"auto, (max-width: 610px) 100vw, 610px\" \/><\/figure>\n\n\n\n<p><\/p>\n","protected":false},"excerpt":{"rendered":"<p>Nuestro enfoque se centra en la identificaci\u00f3n de riesgos y la implementaci\u00f3n de soluciones preventivas y correctivas personalizadas para cada cliente, con el objetivo de proteger sus activos y garantizar el correcto funcionamiento de sus infraestructuras cr\u00edticas. Para lograr este &hellip; <a href=\"https:\/\/blg1.j2sec.com\/index.php\/sample-page\/\">Sigue leyendo <span class=\"meta-nav\">&rarr;<\/span><\/a><\/p>\n","protected":false},"author":1,"featured_media":0,"parent":0,"menu_order":0,"comment_status":"closed","ping_status":"closed","template":"","meta":{"footnotes":""},"class_list":["post-2","page","type-page","status-publish","hentry"],"jetpack_sharing_enabled":true,"_links":{"self":[{"href":"https:\/\/blg1.j2sec.com\/index.php\/wp-json\/wp\/v2\/pages\/2","targetHints":{"allow":["GET"]}}],"collection":[{"href":"https:\/\/blg1.j2sec.com\/index.php\/wp-json\/wp\/v2\/pages"}],"about":[{"href":"https:\/\/blg1.j2sec.com\/index.php\/wp-json\/wp\/v2\/types\/page"}],"author":[{"embeddable":true,"href":"https:\/\/blg1.j2sec.com\/index.php\/wp-json\/wp\/v2\/users\/1"}],"replies":[{"embeddable":true,"href":"https:\/\/blg1.j2sec.com\/index.php\/wp-json\/wp\/v2\/comments?post=2"}],"version-history":[{"count":5,"href":"https:\/\/blg1.j2sec.com\/index.php\/wp-json\/wp\/v2\/pages\/2\/revisions"}],"predecessor-version":[{"id":165,"href":"https:\/\/blg1.j2sec.com\/index.php\/wp-json\/wp\/v2\/pages\/2\/revisions\/165"}],"wp:attachment":[{"href":"https:\/\/blg1.j2sec.com\/index.php\/wp-json\/wp\/v2\/media?parent=2"}],"curies":[{"name":"wp","href":"https:\/\/api.w.org\/{rel}","templated":true}]}}